{"id":2,"date":"2024-02-15T21:09:10","date_gmt":"2024-02-15T21:09:10","guid":{"rendered":"https:\/\/www.generacija74.eu.org\/?page_id=2"},"modified":"2024-02-19T11:08:59","modified_gmt":"2024-02-19T11:08:59","slug":"sample-page","status":"publish","type":"page","link":"https:\/\/www.generacija74.eu.org\/?page_id=2","title":{"rendered":"Zdravo Generacijo"},"content":{"rendered":"\n<p>Dobrodo\u0161li na sajt posve\u0107en maturantima Banjalu\u010dke gimnazije, generacije 1974.!<\/p>\n\n\n\n<p>Dragi prijatelji,<\/p>\n\n\n\n<p>Ovaj sajt je posve\u0107en svim divnim ljudima koji su davne 1974. godine zakora\u010dili u svijet kao ponosni maturanti Banjalu\u010dke gimnazije. Pro\u0161lo je pola vjeka od tog va\u017enog trenutka u na\u0161im \u017eivotima, a sje\u0107anja na na\u0161e dane provedene u \u0161kolskim klupama i izvan njih i dalje su \u017eiva i dragocjena.<\/p>\n\n\n\n<p>Generacija 1974. iz Banjaluke ostavila je neizbrisiv pe\u010dat u istoriji na\u0161e \u0161kole, ali i u na\u0161im srcima. Danas, dok se sje\u0107amo tih dragocjenih trenutaka, \u017eelimo da ovo bude mjesto gde \u0107emo se ponovo povezati, gde \u0107emo obnoviti stare veze i gde \u0107emo zajedno proslaviti na\u0161e usjpehe i \u017eivotne puteve.<\/p>\n\n\n\n<p>Pozivamo sve na\u0161e dragocene maturante da se pridru\u017ee ovoj zajednici, da djelimo pri\u010de, fotografije, uspomene i sve ono \u0161to nas \u010dini jedinstvenima. Neka ovaj sajt bude na\u0161 virtualni dom gde \u0107emo se sastajati, razgovarati i podr\u017eavati jedni druge u svim \u017eivotnim izazovima i radostima.<\/p>\n\n\n\n<p>Neka se\u0107anja na na\u0161u gimnaziju, na\u0161e profesore i na\u0161e \u0161kolske dane budu vje\u010dno \u017eiva u na\u0161im srcima.<\/p>\n\n\n\n<p>Srda\u010dan pozdrav,<\/p>\n\n\n\n<p>Generacija 1974. Banjalu\u010dke gimnazije<\/p>\n","protected":false},"excerpt":{"rendered":"<p>Dobrodo\u0161li na sajt posve\u0107en maturantima Banjalu\u010dke gimnazije, generacije 1974.! Dragi prijatelji, Ovaj sajt je posve\u0107en svim divnim ljudima koji su davne 1974. godine zakora\u010dili u svijet kao ponosni maturanti Banjalu\u010dke gimnazije. Pro\u0161lo je pola vjeka od tog va\u017enog trenutka u &hellip; <a href=\"https:\/\/www.generacija74.eu.org\/?page_id=2\">Continue reading <span class=\"meta-nav\">&rarr;<\/span><\/a><\/p>\n","protected":false},"author":1,"featured_media":0,"parent":0,"menu_order":0,"comment_status":"closed","ping_status":"open","template":"","meta":{"footnotes":""},"_links":{"self":[{"href":"https:\/\/www.generacija74.eu.org\/index.php?rest_route=\/wp\/v2\/pages\/2"}],"collection":[{"href":"https:\/\/www.generacija74.eu.org\/index.php?rest_route=\/wp\/v2\/pages"}],"about":[{"href":"https:\/\/www.generacija74.eu.org\/index.php?rest_route=\/wp\/v2\/types\/page"}],"author":[{"embeddable":true,"href":"https:\/\/www.generacija74.eu.org\/index.php?rest_route=\/wp\/v2\/users\/1"}],"replies":[{"embeddable":true,"href":"https:\/\/www.generacija74.eu.org\/index.php?rest_route=%2Fwp%2Fv2%2Fcomments&post=2"}],"version-history":[{"count":4,"href":"https:\/\/www.generacija74.eu.org\/index.php?rest_route=\/wp\/v2\/pages\/2\/revisions"}],"predecessor-version":[{"id":25,"href":"https:\/\/www.generacija74.eu.org\/index.php?rest_route=\/wp\/v2\/pages\/2\/revisions\/25"}],"wp:attachment":[{"href":"https:\/\/www.generacija74.eu.org\/index.php?rest_route=%2Fwp%2Fv2%2Fmedia&parent=2"}],"curies":[{"name":"wp","href":"https:\/\/api.w.org\/{rel}","templated":true}]}}